{"id":66,"date":"2022-06-27T00:50:16","date_gmt":"2022-06-27T00:50:16","guid":{"rendered":"https:\/\/www.nofz-umzuege.de\/index\/"},"modified":"2022-07-10T07:47:13","modified_gmt":"2022-07-10T07:47:13","slug":"index","status":"publish","type":"page","link":"https:\/\/www.nofz-umzuege.de\/en\/","title":{"rendered":"Home"},"content":{"rendered":"","protected":false},"excerpt":{"rendered":"","protected":false},"author":1,"featured_media":0,"parent":0,"menu_order":0,"comment_status":"closed","ping_status":"closed","template":"","meta":{"footnotes":""},"class_list":["post-66","page","type-page","status-publish","hentry"],"yoast_head":"<!-- This site is optimized with the Yoast SEO plugin v27.5 - https:\/\/yoast.com\/product\/yoast-seo-wordpress\/ -->\n<title>Umzug mit Kompetenz und Erfahrung in Berlin<\/title>\n<meta name=\"description\" content=\"Wir haben den Blick f\u00fcr das gro\u00dfe Ganze und achten auf jedes Detail. Egal ob Ihr Umzug privat oder gewerblich ist. F\u00fcr alle, die in Berlin mit Profis arbeiten wollen.\" \/>\n<meta name=\"robots\" content=\"index, follow, max-snippet:-1, max-image-preview:large, max-video-preview:-1\" \/>\n<link rel=\"canonical\" href=\"https:\/\/www.nofz-umzuege.de\/en\/\" \/>\n<meta property=\"og:locale\" content=\"en_GB\" \/>\n<meta property=\"og:type\" content=\"article\" \/>\n<meta property=\"og:title\" content=\"Umzug mit Kompetenz und Erfahrung in Berlin\" \/>\n<meta property=\"og:description\" content=\"Wir haben den Blick f\u00fcr das gro\u00dfe Ganze und achten auf jedes Detail. Egal ob Ihr Umzug privat oder gewerblich ist. F\u00fcr alle, die in Berlin mit Profis arbeiten wollen.\" \/>\n<meta property=\"og:url\" content=\"https:\/\/www.nofz-umzuege.de\/en\/\" \/>\n<meta property=\"og:site_name\" content=\"Umzug mit Kompetenz und Erfahrung in Berlin\" \/>\n<meta property=\"article:modified_time\" content=\"2022-07-10T07:47:13+00:00\" \/>\n<meta name=\"twitter:card\" content=\"summary_large_image\" \/>\n<script type=\"application\/ld+json\" class=\"yoast-schema-graph\">{\"@context\":\"https:\\\/\\\/schema.org\",\"@graph\":[{\"@type\":\"WebPage\",\"@id\":\"https:\\\/\\\/www.nofz-umzuege.de\\\/\",\"url\":\"https:\\\/\\\/www.nofz-umzuege.de\\\/\",\"name\":\"Umzug mit Kompetenz und Erfahrung in Berlin\",\"isPartOf\":{\"@id\":\"https:\\\/\\\/www.nofz-umzuege.de\\\/#website\"},\"datePublished\":\"2022-06-27T00:50:16+00:00\",\"dateModified\":\"2022-07-10T07:47:13+00:00\",\"description\":\"Wir haben den Blick f\u00fcr das gro\u00dfe Ganze und achten auf jedes Detail. Egal ob Ihr Umzug privat oder gewerblich ist. F\u00fcr alle, die in Berlin mit Profis arbeiten wollen.\",\"breadcrumb\":{\"@id\":\"https:\\\/\\\/www.nofz-umzuege.de\\\/#breadcrumb\"},\"inLanguage\":\"en-GB\",\"potentialAction\":[{\"@type\":\"ReadAction\",\"target\":[\"https:\\\/\\\/www.nofz-umzuege.de\\\/\"]}]},{\"@type\":\"BreadcrumbList\",\"@id\":\"https:\\\/\\\/www.nofz-umzuege.de\\\/#breadcrumb\",\"itemListElement\":[{\"@type\":\"ListItem\",\"position\":1,\"name\":\"Startseite\",\"item\":\"https:\\\/\\\/www.nofz-umzuege.de\\\/\"},{\"@type\":\"ListItem\",\"position\":2,\"name\":\"Home\"}]},{\"@type\":\"WebSite\",\"@id\":\"https:\\\/\\\/www.nofz-umzuege.de\\\/#website\",\"url\":\"https:\\\/\\\/www.nofz-umzuege.de\\\/\",\"name\":\"Umzug mit Kompetenz und Erfahrung in Berlin\",\"description\":\"F\u00fcr alle, die mit Profis arbeiten wollen \u2013 Umzug Berlin\",\"publisher\":{\"@id\":\"https:\\\/\\\/www.nofz-umzuege.de\\\/#organization\"},\"potentialAction\":[{\"@type\":\"SearchAction\",\"target\":{\"@type\":\"EntryPoint\",\"urlTemplate\":\"https:\\\/\\\/www.nofz-umzuege.de\\\/?s={search_term_string}\"},\"query-input\":{\"@type\":\"PropertyValueSpecification\",\"valueRequired\":true,\"valueName\":\"search_term_string\"}}],\"inLanguage\":\"en-GB\"},{\"@type\":\"Organization\",\"@id\":\"https:\\\/\\\/www.nofz-umzuege.de\\\/#organization\",\"name\":\"Umzug mit Kompetenz und Erfahrung in Berlin\",\"url\":\"https:\\\/\\\/www.nofz-umzuege.de\\\/\",\"logo\":{\"@type\":\"ImageObject\",\"inLanguage\":\"en-GB\",\"@id\":\"https:\\\/\\\/www.nofz-umzuege.de\\\/#\\\/schema\\\/logo\\\/image\\\/\",\"url\":\"https:\\\/\\\/www.nofz-umzuege.de\\\/wp-content\\\/uploads\\\/2022\\\/07\\\/cropped-NOFZ-Umzu\u0308ge-logo.png\",\"contentUrl\":\"https:\\\/\\\/www.nofz-umzuege.de\\\/wp-content\\\/uploads\\\/2022\\\/07\\\/cropped-NOFZ-Umzu\u0308ge-logo.png\",\"width\":512,\"height\":512,\"caption\":\"Umzug mit Kompetenz und Erfahrung in Berlin\"},\"image\":{\"@id\":\"https:\\\/\\\/www.nofz-umzuege.de\\\/#\\\/schema\\\/logo\\\/image\\\/\"}}]}<\/script>\n<!-- \/ Yoast SEO plugin. -->","yoast_head_json":{"title":"Relocation with competence and experience in Berlin","description":"We have an eye for the big picture and pay attention to every detail. No matter whether your move is private or commercial. For all those who want to work with professionals in Berlin.","robots":{"index":"index","follow":"follow","max-snippet":"max-snippet:-1","max-image-preview":"max-image-preview:large","max-video-preview":"max-video-preview:-1"},"canonical":"https:\/\/www.nofz-umzuege.de\/en\/","og_locale":"en_GB","og_type":"article","og_title":"Umzug mit Kompetenz und Erfahrung in Berlin","og_description":"Wir haben den Blick f\u00fcr das gro\u00dfe Ganze und achten auf jedes Detail. Egal ob Ihr Umzug privat oder gewerblich ist. F\u00fcr alle, die in Berlin mit Profis arbeiten wollen.","og_url":"https:\/\/www.nofz-umzuege.de\/en\/","og_site_name":"Umzug mit Kompetenz und Erfahrung in Berlin","article_modified_time":"2022-07-10T07:47:13+00:00","twitter_card":"summary_large_image","schema":{"@context":"https:\/\/schema.org","@graph":[{"@type":"WebPage","@id":"https:\/\/www.nofz-umzuege.de\/","url":"https:\/\/www.nofz-umzuege.de\/","name":"Relocation with competence and experience in Berlin","isPartOf":{"@id":"https:\/\/www.nofz-umzuege.de\/#website"},"datePublished":"2022-06-27T00:50:16+00:00","dateModified":"2022-07-10T07:47:13+00:00","description":"We have an eye for the big picture and pay attention to every detail. No matter whether your move is private or commercial. For all those who want to work with professionals in Berlin.","breadcrumb":{"@id":"https:\/\/www.nofz-umzuege.de\/#breadcrumb"},"inLanguage":"en-GB","potentialAction":[{"@type":"ReadAction","target":["https:\/\/www.nofz-umzuege.de\/"]}]},{"@type":"BreadcrumbList","@id":"https:\/\/www.nofz-umzuege.de\/#breadcrumb","itemListElement":[{"@type":"ListItem","position":1,"name":"Startseite","item":"https:\/\/www.nofz-umzuege.de\/"},{"@type":"ListItem","position":2,"name":"Home"}]},{"@type":"WebSite","@id":"https:\/\/www.nofz-umzuege.de\/#website","url":"https:\/\/www.nofz-umzuege.de\/","name":"Relocation with competence and experience in Berlin","description":"For all those who want to work with professionals - Umzug Berlin","publisher":{"@id":"https:\/\/www.nofz-umzuege.de\/#organization"},"potentialAction":[{"@type":"SearchAction","target":{"@type":"EntryPoint","urlTemplate":"https:\/\/www.nofz-umzuege.de\/?s={search_term_string}"},"query-input":{"@type":"PropertyValueSpecification","valueRequired":true,"valueName":"search_term_string"}}],"inLanguage":"en-GB"},{"@type":"Organization","@id":"https:\/\/www.nofz-umzuege.de\/#organization","name":"Relocation with competence and experience in Berlin","url":"https:\/\/www.nofz-umzuege.de\/","logo":{"@type":"ImageObject","inLanguage":"en-GB","@id":"https:\/\/www.nofz-umzuege.de\/#\/schema\/logo\/image\/","url":"https:\/\/www.nofz-umzuege.de\/wp-content\/uploads\/2022\/07\/cropped-NOFZ-Umzu\u0308ge-logo.png","contentUrl":"https:\/\/www.nofz-umzuege.de\/wp-content\/uploads\/2022\/07\/cropped-NOFZ-Umzu\u0308ge-logo.png","width":512,"height":512,"caption":"Umzug mit Kompetenz und Erfahrung in Berlin"},"image":{"@id":"https:\/\/www.nofz-umzuege.de\/#\/schema\/logo\/image\/"}}]}},"_links":{"self":[{"href":"https:\/\/www.nofz-umzuege.de\/en\/wp-json\/wp\/v2\/pages\/66","targetHints":{"allow":["GET"]}}],"collection":[{"href":"https:\/\/www.nofz-umzuege.de\/en\/wp-json\/wp\/v2\/pages"}],"about":[{"href":"https:\/\/www.nofz-umzuege.de\/en\/wp-json\/wp\/v2\/types\/page"}],"author":[{"embeddable":true,"href":"https:\/\/www.nofz-umzuege.de\/en\/wp-json\/wp\/v2\/users\/1"}],"replies":[{"embeddable":true,"href":"https:\/\/www.nofz-umzuege.de\/en\/wp-json\/wp\/v2\/comments?post=66"}],"version-history":[{"count":1,"href":"https:\/\/www.nofz-umzuege.de\/en\/wp-json\/wp\/v2\/pages\/66\/revisions"}],"predecessor-version":[{"id":331,"href":"https:\/\/www.nofz-umzuege.de\/en\/wp-json\/wp\/v2\/pages\/66\/revisions\/331"}],"wp:attachment":[{"href":"https:\/\/www.nofz-umzuege.de\/en\/wp-json\/wp\/v2\/media?parent=66"}],"curies":[{"name":"wp","href":"https:\/\/api.w.org\/{rel}","templated":true}]}}